{"id":242,"date":"2022-04-27T10:12:06","date_gmt":"2022-04-27T13:12:06","guid":{"rendered":"https:\/\/suppercerto.com.br\/blog\/?page_id=242"},"modified":"2022-07-07T16:43:47","modified_gmt":"2022-07-07T19:43:47","slug":"posts","status":"publish","type":"page","link":"https:\/\/suppercerto.com.br\/blog\/posts\/","title":{"rendered":"Posts"},"content":{"rendered":"\t\t<div data-elementor-type=\"wp-page\" data-elementor-id=\"242\" class=\"elementor elementor-242\" data-elementor-settings=\"[]\">\n\t\t\t\t\t\t\t<div class=\"elementor-section-wrap\">\n\t\t\t\t\t\t\t<section class=\"elementor-section elementor-top-section elementor-element elementor-element-35acb8a elementor-section-full_width elementor-section-stretched elementor-section-height-default elementor-section-height-default\" data-id=\"35acb8a\" data-element_type=\"section\" data-settings=\"{&quot;stretch_section&quot;:&quot;section-stretched&quot;}\">\n\t\t\t\t\t\t<div class=\"elementor-container elementor-column-gap-default\">\n\t\t\t\t\t<div class=\"elementor-column elementor-col-100 elementor-top-column elementor-element elementor-element-fa6efa0\" data-id=\"fa6efa0\" data-element_type=\"column\">\n\t\t\t<div class=\"elementor-widget-wrap elementor-element-populated\">\n\t\t\t\t\t\t\t\t<div class=\"elementor-element elementor-element-4fbe290 elementor-widget elementor-widget-image\" data-id=\"4fbe290\" data-element_type=\"widget\" data-widget_type=\"image.default\">\n\t\t\t\t<div class=\"elementor-widget-container\">\n\t\t\t\t\t\t\t\t\t\t\t\t\t\t\t<img loading=\"lazy\" decoding=\"async\" width=\"1629\" height=\"548\" src=\"https:\/\/suppercerto.com.br\/blog\/wp-content\/uploads\/2022\/06\/Sem-Titulo-1-1.jpg\" class=\"attachment-full size-full\" alt=\"\" srcset=\"https:\/\/suppercerto.com.br\/blog\/wp-content\/uploads\/2022\/06\/Sem-Titulo-1-1.jpg 1629w, https:\/\/suppercerto.com.br\/blog\/wp-content\/uploads\/2022\/06\/Sem-Titulo-1-1-300x101.jpg 300w, https:\/\/suppercerto.com.br\/blog\/wp-content\/uploads\/2022\/06\/Sem-Titulo-1-1-1024x344.jpg 1024w, https:\/\/suppercerto.com.br\/blog\/wp-content\/uploads\/2022\/06\/Sem-Titulo-1-1-768x258.jpg 768w, https:\/\/suppercerto.com.br\/blog\/wp-content\/uploads\/2022\/06\/Sem-Titulo-1-1-1536x517.jpg 1536w, https:\/\/suppercerto.com.br\/blog\/wp-content\/uploads\/2022\/06\/Sem-Titulo-1-1-1200x404.jpg 1200w\" sizes=\"(max-width: 1629px) 100vw, 1629px\" \/>\t\t\t\t\t\t\t\t\t\t\t\t\t\t\t<\/div>\n\t\t\t\t<\/div>\n\t\t\t\t\t<\/div>\n\t\t<\/div>\n\t\t\t\t\t\t\t<\/div>\n\t\t<\/section>\n\t\t\t\t<section class=\"elementor-section elementor-top-section elementor-element elementor-element-5e4d6d8 elementor-section-boxed elementor-section-height-default elementor-section-height-default\" data-id=\"5e4d6d8\" data-element_type=\"section\" data-settings=\"{&quot;background_background&quot;:&quot;classic&quot;}\">\n\t\t\t\t\t\t<div class=\"elementor-container elementor-column-gap-default\">\n\t\t\t\t\t<div class=\"elementor-column elementor-col-100 elementor-top-column elementor-element elementor-element-ce8a087\" data-id=\"ce8a087\" data-element_type=\"column\">\n\t\t\t<div class=\"elementor-widget-wrap elementor-element-populated\">\n\t\t\t\t\t\t\t\t<div class=\"elementor-element elementor-element-67e8a29 elementor-widget elementor-widget-heading\" data-id=\"67e8a29\" data-element_type=\"widget\" data-widget_type=\"heading.default\">\n\t\t\t\t<div class=\"elementor-widget-container\">\n\t\t\t<h1 class=\"elementor-heading-title elementor-size-default\">Todos os Artigos<\/h1>\t\t<\/div>\n\t\t\t\t<\/div>\n\t\t\t\t<div class=\"elementor-element elementor-element-ebff46f elementor-grid-3 elementor-grid-tablet-2 elementor-grid-mobile-1 elementor-posts--thumbnail-top elementor-card-shadow-yes elementor-posts__hover-gradient elementor-widget elementor-widget-posts\" data-id=\"ebff46f\" data-element_type=\"widget\" data-settings=\"{&quot;cards_columns&quot;:&quot;3&quot;,&quot;cards_columns_tablet&quot;:&quot;2&quot;,&quot;cards_columns_mobile&quot;:&quot;1&quot;,&quot;cards_row_gap&quot;:{&quot;unit&quot;:&quot;px&quot;,&quot;size&quot;:35,&quot;sizes&quot;:[]}}\" data-widget_type=\"posts.cards\">\n\t\t\t\t<div class=\"elementor-widget-container\">\n\t\t\t\t\t<div class=\"elementor-posts-container elementor-posts elementor-posts--skin-cards elementor-grid\">\n\t\t\t\t<article class=\"elementor-post elementor-grid-item post-1260 post type-post status-publish format-standard has-post-thumbnail hentry category-curiosidade tag-cobertura-para-terceiros tag-corretora-de-seguros tag-corretora-de-seguros-auto tag-corretora-de-seguros-de-carro tag-engavetamento-no-transito tag-indenizacao-seguro-carro tag-seguro-auto tag-seguro-automotivo tag-seguro-carro tag-seguro-pra-carro tag-seguro-veicular tag-supper-certo tag-supper-certo-seguros\">\n\t\t\t<div class=\"elementor-post__card\">\n\t\t\t\t<a class=\"elementor-post__thumbnail__link\" href=\"https:\/\/suppercerto.com.br\/blog\/engavetamento-no-transito\/\" >\n\t\t\t<div class=\"elementor-post__thumbnail\"><img loading=\"lazy\" decoding=\"async\" width=\"1536\" height=\"864\" src=\"https:\/\/suppercerto.com.br\/blog\/wp-content\/uploads\/2023\/10\/engavetamento-no-transito-1536x864.png\" class=\"attachment-1536x1536 size-1536x1536\" alt=\"engavetamento no tr\u00e2nsito\" srcset=\"https:\/\/suppercerto.com.br\/blog\/wp-content\/uploads\/2023\/10\/engavetamento-no-transito-1536x864.png 1536w, https:\/\/suppercerto.com.br\/blog\/wp-content\/uploads\/2023\/10\/engavetamento-no-transito-300x169.png 300w, https:\/\/suppercerto.com.br\/blog\/wp-content\/uploads\/2023\/10\/engavetamento-no-transito-1024x576.png 1024w, https:\/\/suppercerto.com.br\/blog\/wp-content\/uploads\/2023\/10\/engavetamento-no-transito-768x432.png 768w, https:\/\/suppercerto.com.br\/blog\/wp-content\/uploads\/2023\/10\/engavetamento-no-transito-1200x675.png 1200w, https:\/\/suppercerto.com.br\/blog\/wp-content\/uploads\/2023\/10\/engavetamento-no-transito.png 1920w\" sizes=\"(max-width: 1536px) 100vw, 1536px\" \/><\/div>\n\t\t<\/a>\n\t\t\t\t<div class=\"elementor-post__badge\">Curiosidade<\/div>\n\t\t\t\t<div class=\"elementor-post__text\">\n\t\t\t\t<h3 class=\"elementor-post__title\">\n\t\t\t<a href=\"https:\/\/suppercerto.com.br\/blog\/engavetamento-no-transito\/\" >\n\t\t\t\tDe quem \u00e9 a responsabilidade em caso de engavetamento no tr\u00e2nsito?\t\t\t<\/a>\n\t\t<\/h3>\n\t\t\t\t<div class=\"elementor-post__excerpt\">\n\t\t\t<p>Alguma vez voc\u00ea se envolveu em um acidente de tr\u00e2nsito com v\u00e1rios ve\u00edculos e ficou na d\u00favida de quem era o condutor respons\u00e1vel e da<\/p>\n\t\t<\/div>\n\t\t\t\t<\/div>\n\t\t\t\t\t<\/div>\n\t\t<\/article>\n\t\t\t\t<article class=\"elementor-post elementor-grid-item post-1254 post type-post status-publish format-standard has-post-thumbnail hentry category-curiosidade tag-corretora-de-seguros tag-corretora-de-seguros-auto tag-indenizacao-seguro-carro tag-perda-total-do-carro tag-seguro-auto tag-seguro-automotivo tag-seguro-caminhao tag-seguro-de-moto tag-seguro-veicular tag-supper-certo tag-supper-certo-seguros\">\n\t\t\t<div class=\"elementor-post__card\">\n\t\t\t\t<a class=\"elementor-post__thumbnail__link\" href=\"https:\/\/suppercerto.com.br\/blog\/perda-total-do-carro\/\" >\n\t\t\t<div class=\"elementor-post__thumbnail\"><img loading=\"lazy\" decoding=\"async\" width=\"1536\" height=\"1024\" src=\"https:\/\/suppercerto.com.br\/blog\/wp-content\/uploads\/2023\/09\/perda-total-carro-1536x1024.jpg\" class=\"attachment-1536x1536 size-1536x1536\" alt=\"perda total do carro\" srcset=\"https:\/\/suppercerto.com.br\/blog\/wp-content\/uploads\/2023\/09\/perda-total-carro-1536x1024.jpg 1536w, https:\/\/suppercerto.com.br\/blog\/wp-content\/uploads\/2023\/09\/perda-total-carro-300x200.jpg 300w, https:\/\/suppercerto.com.br\/blog\/wp-content\/uploads\/2023\/09\/perda-total-carro-1024x683.jpg 1024w, https:\/\/suppercerto.com.br\/blog\/wp-content\/uploads\/2023\/09\/perda-total-carro-768x512.jpg 768w, https:\/\/suppercerto.com.br\/blog\/wp-content\/uploads\/2023\/09\/perda-total-carro-2048x1365.jpg 2048w, https:\/\/suppercerto.com.br\/blog\/wp-content\/uploads\/2023\/09\/perda-total-carro-1200x800.jpg 1200w, https:\/\/suppercerto.com.br\/blog\/wp-content\/uploads\/2023\/09\/perda-total-carro-1980x1320.jpg 1980w, https:\/\/suppercerto.com.br\/blog\/wp-content\/uploads\/2023\/09\/perda-total-carro-scaled-e1695913844704.jpg 500w\" sizes=\"(max-width: 1536px) 100vw, 1536px\" \/><\/div>\n\t\t<\/a>\n\t\t\t\t<div class=\"elementor-post__badge\">Curiosidade<\/div>\n\t\t\t\t<div class=\"elementor-post__text\">\n\t\t\t\t<h3 class=\"elementor-post__title\">\n\t\t\t<a href=\"https:\/\/suppercerto.com.br\/blog\/perda-total-do-carro\/\" >\n\t\t\t\tPerda total do carro: como \u00e9 feita a indeniza\u00e7\u00e3o\t\t\t<\/a>\n\t\t<\/h3>\n\t\t\t\t<div class=\"elementor-post__excerpt\">\n\t\t\t<p>A partir do momento em que seu carro est\u00e1 na rua ou na estrada, est\u00e1 sujeito a poss\u00edveis panes ou at\u00e9 mesmo colis\u00f5es. Por mais<\/p>\n\t\t<\/div>\n\t\t\t\t<\/div>\n\t\t\t\t\t<\/div>\n\t\t<\/article>\n\t\t\t\t<article class=\"elementor-post elementor-grid-item post-1250 post type-post status-publish format-standard has-post-thumbnail hentry category-curiosidade tag-assistencia-24-horas tag-caminhao tag-corretora-de-seguros tag-corretora-de-seguros-auto tag-mitos-e-verdades-do-seguro-auto tag-seguro-auto tag-seguro-automotivo tag-seguro-caminhao tag-seguro-de-moto tag-seguro-veicular tag-supper-certo tag-supper-certo-seguros\">\n\t\t\t<div class=\"elementor-post__card\">\n\t\t\t\t<a class=\"elementor-post__thumbnail__link\" href=\"https:\/\/suppercerto.com.br\/blog\/mitos-e-verdades-do-seguro-auto\/\" >\n\t\t\t<div class=\"elementor-post__thumbnail\"><img loading=\"lazy\" decoding=\"async\" width=\"1536\" height=\"864\" src=\"https:\/\/suppercerto.com.br\/blog\/wp-content\/uploads\/2023\/07\/Mitos-e-verdades-do-seguro-auto-1536x864.png\" class=\"attachment-1536x1536 size-1536x1536\" alt=\"mitos e verdades do seguro auto\" srcset=\"https:\/\/suppercerto.com.br\/blog\/wp-content\/uploads\/2023\/07\/Mitos-e-verdades-do-seguro-auto-1536x864.png 1536w, https:\/\/suppercerto.com.br\/blog\/wp-content\/uploads\/2023\/07\/Mitos-e-verdades-do-seguro-auto-300x169.png 300w, https:\/\/suppercerto.com.br\/blog\/wp-content\/uploads\/2023\/07\/Mitos-e-verdades-do-seguro-auto-1024x576.png 1024w, https:\/\/suppercerto.com.br\/blog\/wp-content\/uploads\/2023\/07\/Mitos-e-verdades-do-seguro-auto-768x432.png 768w, https:\/\/suppercerto.com.br\/blog\/wp-content\/uploads\/2023\/07\/Mitos-e-verdades-do-seguro-auto-1200x675.png 1200w, https:\/\/suppercerto.com.br\/blog\/wp-content\/uploads\/2023\/07\/Mitos-e-verdades-do-seguro-auto.png 1920w\" sizes=\"(max-width: 1536px) 100vw, 1536px\" \/><\/div>\n\t\t<\/a>\n\t\t\t\t<div class=\"elementor-post__badge\">Curiosidade<\/div>\n\t\t\t\t<div class=\"elementor-post__text\">\n\t\t\t\t<h3 class=\"elementor-post__title\">\n\t\t\t<a href=\"https:\/\/suppercerto.com.br\/blog\/mitos-e-verdades-do-seguro-auto\/\" >\n\t\t\t\tMitos e verdades do seguro auto: quais desses voc\u00ea j\u00e1 ouviu por a\u00ed?\t\t\t<\/a>\n\t\t<\/h3>\n\t\t\t\t<div class=\"elementor-post__excerpt\">\n\t\t\t<p>\u00c9 super comum ter d\u00favidas na hora de fechar o seguro do seu carro, moto ou caminh\u00e3o, principalmente se \u00e9 a primeira vez que voc\u00ea<\/p>\n\t\t<\/div>\n\t\t\t\t<\/div>\n\t\t\t\t\t<\/div>\n\t\t<\/article>\n\t\t\t\t<article class=\"elementor-post elementor-grid-item post-1246 post type-post status-publish format-standard has-post-thumbnail hentry category-seguro-residencial tag-assistencia-24-horas tag-coberturas-para-casa tag-corretora-de-seguros tag-seguranca-patrimonial tag-seguro-pra-casa tag-seguro-residencial tag-supper-certo tag-supper-certo-seguros\">\n\t\t\t<div class=\"elementor-post__card\">\n\t\t\t\t<a class=\"elementor-post__thumbnail__link\" href=\"https:\/\/suppercerto.com.br\/blog\/valor-do-seguro-residencial\/\" >\n\t\t\t<div class=\"elementor-post__thumbnail\"><img loading=\"lazy\" decoding=\"async\" width=\"1536\" height=\"864\" src=\"https:\/\/suppercerto.com.br\/blog\/wp-content\/uploads\/2023\/06\/valor-do-seguro-residencial-1536x864.png\" class=\"attachment-1536x1536 size-1536x1536\" alt=\"valor do seguro residencial\" srcset=\"https:\/\/suppercerto.com.br\/blog\/wp-content\/uploads\/2023\/06\/valor-do-seguro-residencial-1536x864.png 1536w, https:\/\/suppercerto.com.br\/blog\/wp-content\/uploads\/2023\/06\/valor-do-seguro-residencial-300x169.png 300w, https:\/\/suppercerto.com.br\/blog\/wp-content\/uploads\/2023\/06\/valor-do-seguro-residencial-1024x576.png 1024w, https:\/\/suppercerto.com.br\/blog\/wp-content\/uploads\/2023\/06\/valor-do-seguro-residencial-768x432.png 768w, https:\/\/suppercerto.com.br\/blog\/wp-content\/uploads\/2023\/06\/valor-do-seguro-residencial-1200x675.png 1200w, https:\/\/suppercerto.com.br\/blog\/wp-content\/uploads\/2023\/06\/valor-do-seguro-residencial.png 1920w\" sizes=\"(max-width: 1536px) 100vw, 1536px\" \/><\/div>\n\t\t<\/a>\n\t\t\t\t<div class=\"elementor-post__badge\">Seguro Residencial<\/div>\n\t\t\t\t<div class=\"elementor-post__text\">\n\t\t\t\t<h3 class=\"elementor-post__title\">\n\t\t\t<a href=\"https:\/\/suppercerto.com.br\/blog\/valor-do-seguro-residencial\/\" >\n\t\t\t\tValor do seguro residencial \u00e9 um investimento em prote\u00e7\u00e3o para o seu lar\t\t\t<\/a>\n\t\t<\/h3>\n\t\t\t\t<div class=\"elementor-post__excerpt\">\n\t\t\t<p>O valor do seguro residencial \u00e9 muito mais barato do que as pessoas imaginam. Al\u00e9m do baixo investimento mensal, o seguro oferece \u00f3timas coberturas, assist\u00eancias<\/p>\n\t\t<\/div>\n\t\t\t\t<\/div>\n\t\t\t\t\t<\/div>\n\t\t<\/article>\n\t\t\t\t<article class=\"elementor-post elementor-grid-item post-1241 post type-post status-publish format-standard has-post-thumbnail hentry category-seguro-moto tag-cobertura-para-terceiros tag-coberturas-para-motos tag-corretora-de-seguros tag-corretora-de-seguros-auto tag-corretora-de-seguros-de-carro tag-seguro-auto tag-seguro-auto-rastreado tag-seguro-de-moto tag-seguro-moto tag-seguro-para-moto tag-seguro-veicular tag-supper-certo tag-supper-certo-seguros\">\n\t\t\t<div class=\"elementor-post__card\">\n\t\t\t\t<a class=\"elementor-post__thumbnail__link\" href=\"https:\/\/suppercerto.com.br\/blog\/por-que-devo-contratar-seguro-para-moto\/\" >\n\t\t\t<div class=\"elementor-post__thumbnail\"><img loading=\"lazy\" decoding=\"async\" width=\"1536\" height=\"864\" src=\"https:\/\/suppercerto.com.br\/blog\/wp-content\/uploads\/2023\/05\/contratar-seguro-para-moto-1536x864.png\" class=\"attachment-1536x1536 size-1536x1536\" alt=\"contratar o seguro para moto\" srcset=\"https:\/\/suppercerto.com.br\/blog\/wp-content\/uploads\/2023\/05\/contratar-seguro-para-moto-1536x864.png 1536w, https:\/\/suppercerto.com.br\/blog\/wp-content\/uploads\/2023\/05\/contratar-seguro-para-moto-300x169.png 300w, https:\/\/suppercerto.com.br\/blog\/wp-content\/uploads\/2023\/05\/contratar-seguro-para-moto-1024x576.png 1024w, https:\/\/suppercerto.com.br\/blog\/wp-content\/uploads\/2023\/05\/contratar-seguro-para-moto-768x432.png 768w, https:\/\/suppercerto.com.br\/blog\/wp-content\/uploads\/2023\/05\/contratar-seguro-para-moto-1200x675.png 1200w, https:\/\/suppercerto.com.br\/blog\/wp-content\/uploads\/2023\/05\/contratar-seguro-para-moto.png 1920w\" sizes=\"(max-width: 1536px) 100vw, 1536px\" \/><\/div>\n\t\t<\/a>\n\t\t\t\t<div class=\"elementor-post__badge\">Seguro Moto<\/div>\n\t\t\t\t<div class=\"elementor-post__text\">\n\t\t\t\t<h3 class=\"elementor-post__title\">\n\t\t\t<a href=\"https:\/\/suppercerto.com.br\/blog\/por-que-devo-contratar-seguro-para-moto\/\" >\n\t\t\t\tPor que devo contratar seguro para moto?\t\t\t<\/a>\n\t\t<\/h3>\n\t\t\t\t<div class=\"elementor-post__excerpt\">\n\t\t\t<p>Muitas pessoas imaginam que s\u00f3 motos grandes, modernas e de altas cilindradas s\u00e3o os maiores alvos de roubo e furto. Sim, elas at\u00e9 s\u00e3o! Por\u00e9m,<\/p>\n\t\t<\/div>\n\t\t\t\t<\/div>\n\t\t\t\t\t<\/div>\n\t\t<\/article>\n\t\t\t\t<article class=\"elementor-post elementor-grid-item post-1237 post type-post status-publish format-standard has-post-thumbnail hentry category-curiosidade tag-cobertura-para-terceiros tag-corretora-de-seguros tag-corretora-de-seguros-auto tag-corretora-de-seguros-de-carro tag-seguro-auto tag-seguro-automotivo tag-seguro-caminhao tag-seguro-carro tag-seguro-de-moto tag-supper-certo tag-supper-certo-seguros\">\n\t\t\t<div class=\"elementor-post__card\">\n\t\t\t\t<a class=\"elementor-post__thumbnail__link\" href=\"https:\/\/suppercerto.com.br\/blog\/cobertura-para-terceiros\/\" >\n\t\t\t<div class=\"elementor-post__thumbnail\"><img loading=\"lazy\" decoding=\"async\" width=\"1080\" height=\"800\" src=\"https:\/\/suppercerto.com.br\/blog\/wp-content\/uploads\/2023\/03\/cobertura_para_terceiros.png\" class=\"attachment-1536x1536 size-1536x1536\" alt=\"cobertura para terceiros\" srcset=\"https:\/\/suppercerto.com.br\/blog\/wp-content\/uploads\/2023\/03\/cobertura_para_terceiros.png 1080w, https:\/\/suppercerto.com.br\/blog\/wp-content\/uploads\/2023\/03\/cobertura_para_terceiros-300x222.png 300w, https:\/\/suppercerto.com.br\/blog\/wp-content\/uploads\/2023\/03\/cobertura_para_terceiros-1024x759.png 1024w, https:\/\/suppercerto.com.br\/blog\/wp-content\/uploads\/2023\/03\/cobertura_para_terceiros-768x569.png 768w\" sizes=\"(max-width: 1080px) 100vw, 1080px\" \/><\/div>\n\t\t<\/a>\n\t\t\t\t<div class=\"elementor-post__badge\">Curiosidade<\/div>\n\t\t\t\t<div class=\"elementor-post__text\">\n\t\t\t\t<h3 class=\"elementor-post__title\">\n\t\t\t<a href=\"https:\/\/suppercerto.com.br\/blog\/cobertura-para-terceiros\/\" >\n\t\t\t\tCobertura para terceiros: como funciona e quais as vantagens?\t\t\t<\/a>\n\t\t<\/h3>\n\t\t\t\t<div class=\"elementor-post__excerpt\">\n\t\t\t<p>A cobertura para terceiros, tamb\u00e9m conhecida como Responsabilidade Civil Facultativo de Ve\u00edculos (RCF-V), pode ser acionada quando o segurado \u00e9 respons\u00e1vel por danos a outras<\/p>\n\t\t<\/div>\n\t\t\t\t<\/div>\n\t\t\t\t\t<\/div>\n\t\t<\/article>\n\t\t\t\t<\/div>\n\t\t\t\t<nav class=\"elementor-pagination\" role=\"navigation\" aria-label=\"Pagination\">\n\t\t\t<span class=\"page-numbers prev\">&laquo; Anterior<\/span>\n<span aria-current=\"page\" class=\"page-numbers current\"><span class=\"elementor-screen-only\">Page<\/span>1<\/span>\n<a class=\"page-numbers\" href=\"https:\/\/suppercerto.com.br\/blog\/wp-json\/wp\/v2\/pages\/242\/page\/2\/\"><span class=\"elementor-screen-only\">Page<\/span>2<\/a>\n<a class=\"page-numbers\" href=\"https:\/\/suppercerto.com.br\/blog\/wp-json\/wp\/v2\/pages\/242\/page\/3\/\"><span class=\"elementor-screen-only\">Page<\/span>3<\/a>\n<a class=\"page-numbers\" href=\"https:\/\/suppercerto.com.br\/blog\/wp-json\/wp\/v2\/pages\/242\/page\/4\/\"><span class=\"elementor-screen-only\">Page<\/span>4<\/a>\n<a class=\"page-numbers next\" href=\"https:\/\/suppercerto.com.br\/blog\/wp-json\/wp\/v2\/pages\/242\/page\/2\/\">Pr\u00f3ximo &raquo;<\/a>\t\t<\/nav>\n\t\t\t\t<\/div>\n\t\t\t\t<\/div>\n\t\t\t\t\t<\/div>\n\t\t<\/div>\n\t\t\t\t\t\t\t<\/div>\n\t\t<\/section>\n\t\t\t\t\t\t<\/div>\n\t\t\t\t\t<\/div>\n\t\t","protected":false},"excerpt":{"rendered":"<p>Todos os Artigos<\/p>\n","protected":false},"author":1,"featured_media":0,"parent":0,"menu_order":0,"comment_status":"closed","ping_status":"closed","template":"elementor_header_footer","meta":{"footnotes":""},"class_list":["post-242","page","type-page","status-publish","hentry"],"yoast_head":"<!-- This site is optimized with the Yoast SEO plugin v23.3 - https:\/\/yoast.com\/wordpress\/plugins\/seo\/ -->\n<title>Posts - Supper Certo - Blog<\/title>\n<meta name=\"robots\" content=\"index, follow, max-snippet:-1, max-image-preview:large, max-video-preview:-1\" \/>\n<link rel=\"canonical\" href=\"https:\/\/suppercerto.com.br\/blog\/posts\/\" \/>\n<meta property=\"og:locale\" content=\"pt_BR\" \/>\n<meta property=\"og:type\" content=\"article\" \/>\n<meta property=\"og:title\" content=\"Posts - Supper Certo - Blog\" \/>\n<meta property=\"og:description\" content=\"Todos os Artigos\" \/>\n<meta property=\"og:url\" content=\"https:\/\/suppercerto.com.br\/blog\/posts\/\" \/>\n<meta property=\"og:site_name\" content=\"Supper Certo - Blog\" \/>\n<meta property=\"article:modified_time\" content=\"2022-07-07T19:43:47+00:00\" \/>\n<meta property=\"og:image\" content=\"https:\/\/suppercerto.com.br\/blog\/wp-content\/uploads\/2022\/06\/Sem-Titulo-1-1.jpg\" \/>\n<meta name=\"twitter:card\" content=\"summary_large_image\" \/>\n<meta name=\"twitter:label1\" content=\"Est. tempo de leitura\" \/>\n\t<meta name=\"twitter:data1\" content=\"3 minutos\" \/>\n<script type=\"application\/ld+json\" class=\"yoast-schema-graph\">{\"@context\":\"https:\/\/schema.org\",\"@graph\":[{\"@type\":\"WebPage\",\"@id\":\"https:\/\/suppercerto.com.br\/blog\/posts\/\",\"url\":\"https:\/\/suppercerto.com.br\/blog\/posts\/\",\"name\":\"Posts - Supper Certo - Blog\",\"isPartOf\":{\"@id\":\"https:\/\/suppercerto.com.br\/blog\/#website\"},\"primaryImageOfPage\":{\"@id\":\"https:\/\/suppercerto.com.br\/blog\/posts\/#primaryimage\"},\"image\":{\"@id\":\"https:\/\/suppercerto.com.br\/blog\/posts\/#primaryimage\"},\"thumbnailUrl\":\"https:\/\/suppercerto.com.br\/blog\/wp-content\/uploads\/2022\/06\/Sem-Titulo-1-1.jpg\",\"datePublished\":\"2022-04-27T13:12:06+00:00\",\"dateModified\":\"2022-07-07T19:43:47+00:00\",\"breadcrumb\":{\"@id\":\"https:\/\/suppercerto.com.br\/blog\/posts\/#breadcrumb\"},\"inLanguage\":\"pt-BR\",\"potentialAction\":[{\"@type\":\"ReadAction\",\"target\":[\"https:\/\/suppercerto.com.br\/blog\/posts\/\"]}]},{\"@type\":\"ImageObject\",\"inLanguage\":\"pt-BR\",\"@id\":\"https:\/\/suppercerto.com.br\/blog\/posts\/#primaryimage\",\"url\":\"https:\/\/suppercerto.com.br\/blog\/wp-content\/uploads\/2022\/06\/Sem-Titulo-1-1.jpg\",\"contentUrl\":\"https:\/\/suppercerto.com.br\/blog\/wp-content\/uploads\/2022\/06\/Sem-Titulo-1-1.jpg\",\"width\":1629,\"height\":548},{\"@type\":\"BreadcrumbList\",\"@id\":\"https:\/\/suppercerto.com.br\/blog\/posts\/#breadcrumb\",\"itemListElement\":[{\"@type\":\"ListItem\",\"position\":1,\"name\":\"Blog\",\"item\":\"https:\/\/suppercerto.com.br\/blog\/\"},{\"@type\":\"ListItem\",\"position\":2,\"name\":\"Posts\"}]},{\"@type\":\"WebSite\",\"@id\":\"https:\/\/suppercerto.com.br\/blog\/#website\",\"url\":\"https:\/\/suppercerto.com.br\/blog\/\",\"name\":\"Supper Certo - Blog\",\"description\":\"\",\"publisher\":{\"@id\":\"https:\/\/suppercerto.com.br\/blog\/#organization\"},\"potentialAction\":[{\"@type\":\"SearchAction\",\"target\":{\"@type\":\"EntryPoint\",\"urlTemplate\":\"https:\/\/suppercerto.com.br\/blog\/?s={search_term_string}\"},\"query-input\":\"required name=search_term_string\"}],\"inLanguage\":\"pt-BR\"},{\"@type\":\"Organization\",\"@id\":\"https:\/\/suppercerto.com.br\/blog\/#organization\",\"name\":\"Supper Certo - Blog\",\"url\":\"https:\/\/suppercerto.com.br\/blog\/\",\"logo\":{\"@type\":\"ImageObject\",\"inLanguage\":\"pt-BR\",\"@id\":\"https:\/\/suppercerto.com.br\/blog\/#\/schema\/logo\/image\/\",\"url\":\"https:\/\/suppercerto.com.br\/blog\/wp-content\/uploads\/2022\/06\/cropped-logo-mobilepng-e2a8db1264a4dbf3207d78c8d97a7694.png\",\"contentUrl\":\"https:\/\/suppercerto.com.br\/blog\/wp-content\/uploads\/2022\/06\/cropped-logo-mobilepng-e2a8db1264a4dbf3207d78c8d97a7694.png\",\"width\":190,\"height\":142,\"caption\":\"Supper Certo - Blog\"},\"image\":{\"@id\":\"https:\/\/suppercerto.com.br\/blog\/#\/schema\/logo\/image\/\"}}]}<\/script>\n<!-- \/ Yoast SEO plugin. -->","yoast_head_json":{"title":"Posts - Supper Certo - Blog","robots":{"index":"index","follow":"follow","max-snippet":"max-snippet:-1","max-image-preview":"max-image-preview:large","max-video-preview":"max-video-preview:-1"},"canonical":"https:\/\/suppercerto.com.br\/blog\/posts\/","og_locale":"pt_BR","og_type":"article","og_title":"Posts - Supper Certo - Blog","og_description":"Todos os Artigos","og_url":"https:\/\/suppercerto.com.br\/blog\/posts\/","og_site_name":"Supper Certo - Blog","article_modified_time":"2022-07-07T19:43:47+00:00","og_image":[{"url":"https:\/\/suppercerto.com.br\/blog\/wp-content\/uploads\/2022\/06\/Sem-Titulo-1-1.jpg"}],"twitter_card":"summary_large_image","twitter_misc":{"Est. tempo de leitura":"3 minutos"},"schema":{"@context":"https:\/\/schema.org","@graph":[{"@type":"WebPage","@id":"https:\/\/suppercerto.com.br\/blog\/posts\/","url":"https:\/\/suppercerto.com.br\/blog\/posts\/","name":"Posts - Supper Certo - Blog","isPartOf":{"@id":"https:\/\/suppercerto.com.br\/blog\/#website"},"primaryImageOfPage":{"@id":"https:\/\/suppercerto.com.br\/blog\/posts\/#primaryimage"},"image":{"@id":"https:\/\/suppercerto.com.br\/blog\/posts\/#primaryimage"},"thumbnailUrl":"https:\/\/suppercerto.com.br\/blog\/wp-content\/uploads\/2022\/06\/Sem-Titulo-1-1.jpg","datePublished":"2022-04-27T13:12:06+00:00","dateModified":"2022-07-07T19:43:47+00:00","breadcrumb":{"@id":"https:\/\/suppercerto.com.br\/blog\/posts\/#breadcrumb"},"inLanguage":"pt-BR","potentialAction":[{"@type":"ReadAction","target":["https:\/\/suppercerto.com.br\/blog\/posts\/"]}]},{"@type":"ImageObject","inLanguage":"pt-BR","@id":"https:\/\/suppercerto.com.br\/blog\/posts\/#primaryimage","url":"https:\/\/suppercerto.com.br\/blog\/wp-content\/uploads\/2022\/06\/Sem-Titulo-1-1.jpg","contentUrl":"https:\/\/suppercerto.com.br\/blog\/wp-content\/uploads\/2022\/06\/Sem-Titulo-1-1.jpg","width":1629,"height":548},{"@type":"BreadcrumbList","@id":"https:\/\/suppercerto.com.br\/blog\/posts\/#breadcrumb","itemListElement":[{"@type":"ListItem","position":1,"name":"Blog","item":"https:\/\/suppercerto.com.br\/blog\/"},{"@type":"ListItem","position":2,"name":"Posts"}]},{"@type":"WebSite","@id":"https:\/\/suppercerto.com.br\/blog\/#website","url":"https:\/\/suppercerto.com.br\/blog\/","name":"Supper Certo - Blog","description":"","publisher":{"@id":"https:\/\/suppercerto.com.br\/blog\/#organization"},"potentialAction":[{"@type":"SearchAction","target":{"@type":"EntryPoint","urlTemplate":"https:\/\/suppercerto.com.br\/blog\/?s={search_term_string}"},"query-input":"required name=search_term_string"}],"inLanguage":"pt-BR"},{"@type":"Organization","@id":"https:\/\/suppercerto.com.br\/blog\/#organization","name":"Supper Certo - Blog","url":"https:\/\/suppercerto.com.br\/blog\/","logo":{"@type":"ImageObject","inLanguage":"pt-BR","@id":"https:\/\/suppercerto.com.br\/blog\/#\/schema\/logo\/image\/","url":"https:\/\/suppercerto.com.br\/blog\/wp-content\/uploads\/2022\/06\/cropped-logo-mobilepng-e2a8db1264a4dbf3207d78c8d97a7694.png","contentUrl":"https:\/\/suppercerto.com.br\/blog\/wp-content\/uploads\/2022\/06\/cropped-logo-mobilepng-e2a8db1264a4dbf3207d78c8d97a7694.png","width":190,"height":142,"caption":"Supper Certo - Blog"},"image":{"@id":"https:\/\/suppercerto.com.br\/blog\/#\/schema\/logo\/image\/"}}]}},"_links":{"self":[{"href":"https:\/\/suppercerto.com.br\/blog\/wp-json\/wp\/v2\/pages\/242"}],"collection":[{"href":"https:\/\/suppercerto.com.br\/blog\/wp-json\/wp\/v2\/pages"}],"about":[{"href":"https:\/\/suppercerto.com.br\/blog\/wp-json\/wp\/v2\/types\/page"}],"author":[{"embeddable":true,"href":"https:\/\/suppercerto.com.br\/blog\/wp-json\/wp\/v2\/users\/1"}],"replies":[{"embeddable":true,"href":"https:\/\/suppercerto.com.br\/blog\/wp-json\/wp\/v2\/comments?post=242"}],"version-history":[{"count":103,"href":"https:\/\/suppercerto.com.br\/blog\/wp-json\/wp\/v2\/pages\/242\/revisions"}],"predecessor-version":[{"id":1083,"href":"https:\/\/suppercerto.com.br\/blog\/wp-json\/wp\/v2\/pages\/242\/revisions\/1083"}],"wp:attachment":[{"href":"https:\/\/suppercerto.com.br\/blog\/wp-json\/wp\/v2\/media?parent=242"}],"curies":[{"name":"wp","href":"https:\/\/api.w.org\/{rel}","templated":true}]}}